{"id":120,"date":"2021-09-05T10:09:35","date_gmt":"2021-09-05T08:09:35","guid":{"rendered":"https:\/\/www.cristobalangulo.com\/joyeria\/?post_type=product&#038;p=120"},"modified":"2021-09-05T10:10:42","modified_gmt":"2021-09-05T08:10:42","slug":"yin-yang-barroco","status":"publish","type":"product","link":"https:\/\/www.cristobalangulo.com\/joyeria\/catalogo\/pendientes\/toque-personal\/yin-yang-barroco\/","title":{"rendered":"Yin Yang Barroco"},"content":{"rendered":"<p>usi\u00f3n entre oriente y occidente. Modelaje original cincelado a mano.<\/p>\n<p>Plata de ley.<\/p>\n","protected":false},"excerpt":{"rendered":"<p>Peso (par): 6 gr<\/p>\n<p>Di\u00e1metro: 2,5 cm<\/p>\n","protected":false},"featured_media":49,"comment_status":"open","ping_status":"closed","template":"","meta":[],"product_cat":[16,19],"product_tag":[],"class_list":["post-120","product","type-product","status-publish","has-post-thumbnail","hentry","product_cat-pendientes","product_cat-toque-personal"],"yoast_head":"<!-- This site is optimized with the Yoast SEO plugin v20.8 - https:\/\/yoast.com\/wordpress\/plugins\/seo\/ -->\n<title>Yin Yang Barroco - Crist\u00f3bal Angulo Joyer\u00eda<\/title>\n<meta name=\"robots\" content=\"index, follow, max-snippet:-1, max-image-preview:large, max-video-preview:-1\" \/>\n<link rel=\"canonical\" href=\"https:\/\/www.cristobalangulo.com\/joyeria\/catalogo\/pendientes\/toque-personal\/yin-yang-barroco\/\" \/>\n<meta property=\"og:locale\" content=\"es_ES\" \/>\n<meta property=\"og:type\" content=\"article\" \/>\n<meta property=\"og:title\" content=\"Yin Yang Barroco - Crist\u00f3bal Angulo Joyer\u00eda\" \/>\n<meta property=\"og:description\" content=\"Peso (par): 6 gr  Di\u00e1metro: 2,5 cm\" \/>\n<meta property=\"og:url\" content=\"https:\/\/www.cristobalangulo.com\/joyeria\/catalogo\/pendientes\/toque-personal\/yin-yang-barroco\/\" \/>\n<meta property=\"og:site_name\" content=\"Crist\u00f3bal Angulo Joyer\u00eda\" \/>\n<meta property=\"article:publisher\" content=\"https:\/\/www.facebook.com\/cristobal.anguloramirez\/\" \/>\n<meta property=\"article:modified_time\" content=\"2021-09-05T08:10:42+00:00\" \/>\n<meta property=\"og:image\" content=\"https:\/\/www.cristobalangulo.com\/joyeria\/wp-content\/uploads\/2021\/09\/IMG_1381-e1630918764219.jpg\" \/>\n\t<meta property=\"og:image:width\" content=\"200\" \/>\n\t<meta property=\"og:image:height\" content=\"300\" \/>\n\t<meta property=\"og:image:type\" content=\"image\/jpeg\" \/>\n<meta name=\"twitter:card\" content=\"summary_large_image\" \/>\n<script type=\"application\/ld+json\" class=\"yoast-schema-graph\">{\"@context\":\"https:\/\/schema.org\",\"@graph\":[{\"@type\":\"WebPage\",\"@id\":\"https:\/\/www.cristobalangulo.com\/joyeria\/catalogo\/pendientes\/toque-personal\/yin-yang-barroco\/\",\"url\":\"https:\/\/www.cristobalangulo.com\/joyeria\/catalogo\/pendientes\/toque-personal\/yin-yang-barroco\/\",\"name\":\"Yin Yang Barroco - Crist\u00f3bal Angulo Joyer\u00eda\",\"isPartOf\":{\"@id\":\"https:\/\/www.cristobalangulo.com\/joyeria\/#website\"},\"datePublished\":\"2021-09-05T08:09:35+00:00\",\"dateModified\":\"2021-09-05T08:10:42+00:00\",\"breadcrumb\":{\"@id\":\"https:\/\/www.cristobalangulo.com\/joyeria\/catalogo\/pendientes\/toque-personal\/yin-yang-barroco\/#breadcrumb\"},\"inLanguage\":\"es\",\"potentialAction\":[{\"@type\":\"ReadAction\",\"target\":[\"https:\/\/www.cristobalangulo.com\/joyeria\/catalogo\/pendientes\/toque-personal\/yin-yang-barroco\/\"]}]},{\"@type\":\"BreadcrumbList\",\"@id\":\"https:\/\/www.cristobalangulo.com\/joyeria\/catalogo\/pendientes\/toque-personal\/yin-yang-barroco\/#breadcrumb\",\"itemListElement\":[{\"@type\":\"ListItem\",\"position\":1,\"name\":\"Portada\",\"item\":\"https:\/\/www.cristobalangulo.com\/joyeria\/\"},{\"@type\":\"ListItem\",\"position\":2,\"name\":\"Elegancia Barroca &#8211; Joyas de plata cincelada\",\"item\":\"https:\/\/www.cristobalangulo.com\/joyeria\/\"},{\"@type\":\"ListItem\",\"position\":3,\"name\":\"Yin Yang Barroco\"}]},{\"@type\":\"WebSite\",\"@id\":\"https:\/\/www.cristobalangulo.com\/joyeria\/#website\",\"url\":\"https:\/\/www.cristobalangulo.com\/joyeria\/\",\"name\":\"Crist\u00f3bal Angulo Joyer\u00eda\",\"description\":\"Elegancia Barroca. Joyas Cinceladas\",\"publisher\":{\"@id\":\"https:\/\/www.cristobalangulo.com\/joyeria\/#organization\"},\"potentialAction\":[{\"@type\":\"SearchAction\",\"target\":{\"@type\":\"EntryPoint\",\"urlTemplate\":\"https:\/\/www.cristobalangulo.com\/joyeria\/?s={search_term_string}\"},\"query-input\":\"required name=search_term_string\"}],\"inLanguage\":\"es\"},{\"@type\":\"Organization\",\"@id\":\"https:\/\/www.cristobalangulo.com\/joyeria\/#organization\",\"name\":\"Elegancia Barroca - Joyas Cinceladas\",\"url\":\"https:\/\/www.cristobalangulo.com\/joyeria\/\",\"logo\":{\"@type\":\"ImageObject\",\"inLanguage\":\"es\",\"@id\":\"https:\/\/www.cristobalangulo.com\/joyeria\/#\/schema\/logo\/image\/\",\"url\":\"https:\/\/www.cristobalangulo.com\/joyeria\/wp-content\/uploads\/2022\/11\/LogoElegancia.jpg\",\"contentUrl\":\"https:\/\/www.cristobalangulo.com\/joyeria\/wp-content\/uploads\/2022\/11\/LogoElegancia.jpg\",\"width\":655,\"height\":254,\"caption\":\"Elegancia Barroca - Joyas Cinceladas\"},\"image\":{\"@id\":\"https:\/\/www.cristobalangulo.com\/joyeria\/#\/schema\/logo\/image\/\"},\"sameAs\":[\"https:\/\/www.facebook.com\/cristobal.anguloramirez\/\",\"https:\/\/www.instagram.com\/cristobalanguloorfebre\/?hl=es\"]}]}<\/script>\n<!-- \/ Yoast SEO plugin. -->","yoast_head_json":{"title":"Yin Yang Barroco - Crist\u00f3bal Angulo Joyer\u00eda","robots":{"index":"index","follow":"follow","max-snippet":"max-snippet:-1","max-image-preview":"max-image-preview:large","max-video-preview":"max-video-preview:-1"},"canonical":"https:\/\/www.cristobalangulo.com\/joyeria\/catalogo\/pendientes\/toque-personal\/yin-yang-barroco\/","og_locale":"es_ES","og_type":"article","og_title":"Yin Yang Barroco - Crist\u00f3bal Angulo Joyer\u00eda","og_description":"Peso (par): 6 gr  Di\u00e1metro: 2,5 cm","og_url":"https:\/\/www.cristobalangulo.com\/joyeria\/catalogo\/pendientes\/toque-personal\/yin-yang-barroco\/","og_site_name":"Crist\u00f3bal Angulo Joyer\u00eda","article_publisher":"https:\/\/www.facebook.com\/cristobal.anguloramirez\/","article_modified_time":"2021-09-05T08:10:42+00:00","og_image":[{"width":200,"height":300,"url":"https:\/\/www.cristobalangulo.com\/joyeria\/wp-content\/uploads\/2021\/09\/IMG_1381-e1630918764219.jpg","type":"image\/jpeg"}],"twitter_card":"summary_large_image","schema":{"@context":"https:\/\/schema.org","@graph":[{"@type":"WebPage","@id":"https:\/\/www.cristobalangulo.com\/joyeria\/catalogo\/pendientes\/toque-personal\/yin-yang-barroco\/","url":"https:\/\/www.cristobalangulo.com\/joyeria\/catalogo\/pendientes\/toque-personal\/yin-yang-barroco\/","name":"Yin Yang Barroco - Crist\u00f3bal Angulo Joyer\u00eda","isPartOf":{"@id":"https:\/\/www.cristobalangulo.com\/joyeria\/#website"},"datePublished":"2021-09-05T08:09:35+00:00","dateModified":"2021-09-05T08:10:42+00:00","breadcrumb":{"@id":"https:\/\/www.cristobalangulo.com\/joyeria\/catalogo\/pendientes\/toque-personal\/yin-yang-barroco\/#breadcrumb"},"inLanguage":"es","potentialAction":[{"@type":"ReadAction","target":["https:\/\/www.cristobalangulo.com\/joyeria\/catalogo\/pendientes\/toque-personal\/yin-yang-barroco\/"]}]},{"@type":"BreadcrumbList","@id":"https:\/\/www.cristobalangulo.com\/joyeria\/catalogo\/pendientes\/toque-personal\/yin-yang-barroco\/#breadcrumb","itemListElement":[{"@type":"ListItem","position":1,"name":"Portada","item":"https:\/\/www.cristobalangulo.com\/joyeria\/"},{"@type":"ListItem","position":2,"name":"Elegancia Barroca &#8211; Joyas de plata cincelada","item":"https:\/\/www.cristobalangulo.com\/joyeria\/"},{"@type":"ListItem","position":3,"name":"Yin Yang Barroco"}]},{"@type":"WebSite","@id":"https:\/\/www.cristobalangulo.com\/joyeria\/#website","url":"https:\/\/www.cristobalangulo.com\/joyeria\/","name":"Crist\u00f3bal Angulo Joyer\u00eda","description":"Elegancia Barroca. Joyas Cinceladas","publisher":{"@id":"https:\/\/www.cristobalangulo.com\/joyeria\/#organization"},"potentialAction":[{"@type":"SearchAction","target":{"@type":"EntryPoint","urlTemplate":"https:\/\/www.cristobalangulo.com\/joyeria\/?s={search_term_string}"},"query-input":"required name=search_term_string"}],"inLanguage":"es"},{"@type":"Organization","@id":"https:\/\/www.cristobalangulo.com\/joyeria\/#organization","name":"Elegancia Barroca - Joyas Cinceladas","url":"https:\/\/www.cristobalangulo.com\/joyeria\/","logo":{"@type":"ImageObject","inLanguage":"es","@id":"https:\/\/www.cristobalangulo.com\/joyeria\/#\/schema\/logo\/image\/","url":"https:\/\/www.cristobalangulo.com\/joyeria\/wp-content\/uploads\/2022\/11\/LogoElegancia.jpg","contentUrl":"https:\/\/www.cristobalangulo.com\/joyeria\/wp-content\/uploads\/2022\/11\/LogoElegancia.jpg","width":655,"height":254,"caption":"Elegancia Barroca - Joyas Cinceladas"},"image":{"@id":"https:\/\/www.cristobalangulo.com\/joyeria\/#\/schema\/logo\/image\/"},"sameAs":["https:\/\/www.facebook.com\/cristobal.anguloramirez\/","https:\/\/www.instagram.com\/cristobalanguloorfebre\/?hl=es"]}]}},"_links":{"self":[{"href":"https:\/\/www.cristobalangulo.com\/joyeria\/wp-json\/wp\/v2\/product\/120","targetHints":{"allow":["GET"]}}],"collection":[{"href":"https:\/\/www.cristobalangulo.com\/joyeria\/wp-json\/wp\/v2\/product"}],"about":[{"href":"https:\/\/www.cristobalangulo.com\/joyeria\/wp-json\/wp\/v2\/types\/product"}],"replies":[{"embeddable":true,"href":"https:\/\/www.cristobalangulo.com\/joyeria\/wp-json\/wp\/v2\/comments?post=120"}],"wp:featuredmedia":[{"embeddable":true,"href":"https:\/\/www.cristobalangulo.com\/joyeria\/wp-json\/wp\/v2\/media\/49"}],"wp:attachment":[{"href":"https:\/\/www.cristobalangulo.com\/joyeria\/wp-json\/wp\/v2\/media?parent=120"}],"wp:term":[{"taxonomy":"product_cat","embeddable":true,"href":"https:\/\/www.cristobalangulo.com\/joyeria\/wp-json\/wp\/v2\/product_cat?post=120"},{"taxonomy":"product_tag","embeddable":true,"href":"https:\/\/www.cristobalangulo.com\/joyeria\/wp-json\/wp\/v2\/product_tag?post=120"}],"curies":[{"name":"wp","href":"https:\/\/api.w.org\/{rel}","templated":true}]}}